{"id":305,"date":"2026-03-03T20:19:38","date_gmt":"2026-03-04T01:19:38","guid":{"rendered":"https:\/\/carlosgonzalezr.com\/v02\/?page_id=305"},"modified":"2026-03-17T06:45:24","modified_gmt":"2026-03-17T11:45:24","slug":"obra","status":"publish","type":"page","link":"https:\/\/carlosgonzalezr.com\/v02\/obra\/","title":{"rendered":"Obra"},"content":{"rendered":"\t\t<div data-elementor-type=\"wp-page\" data-elementor-id=\"305\" class=\"elementor elementor-305\">\n\t\t\t\t<div class=\"elementor-element elementor-element-61ab2fe4 e-flex e-con-boxed e-con e-parent\" data-id=\"61ab2fe4\" data-element_type=\"container\" data-e-type=\"container\" data-settings=\"{&quot;background_background&quot;:&quot;classic&quot;}\">\n\t\t\t\t\t<div class=\"e-con-inner\">\n\t\t<div class=\"elementor-element elementor-element-21cea0f9 e-con-full e-flex e-con e-child\" data-id=\"21cea0f9\" data-element_type=\"container\" data-e-type=\"container\">\n\t\t\t\t<div class=\"elementor-element elementor-element-3d370fb2 elementor-widget-mobile__width-inherit elementor-widget elementor-widget-heading\" data-id=\"3d370fb2\" data-element_type=\"widget\" data-e-type=\"widget\" data-widget_type=\"heading.default\">\n\t\t\t\t\t<h2 class=\"elementor-heading-title elementor-size-default\">La <b>pintura <\/b>y la construcci\u00f3n del espacio. Geometr\u00eda y matem\u00e1tica como lenguaje visual<\/h2>\t\t\t\t<\/div>\n\t\t\t\t<div class=\"elementor-element elementor-element-c6144fc elementor-widget elementor-widget-button\" data-id=\"c6144fc\" data-element_type=\"widget\" data-e-type=\"widget\" data-widget_type=\"button.default\">\n\t\t\t\t\t\t\t\t\t\t<a class=\"elementor-button elementor-button-link elementor-size-sm\" href=\"https:\/\/carlosgonzalezr.com\/v02\/2026\/03\/07\/la-pintura-y-la-construccion-del-espacio-geometria-y-matematica-como-lenguaje-visual\/\">\n\t\t\t\t\t\t<span class=\"elementor-button-content-wrapper\">\n\t\t\t\t\t\t\t\t\t<span class=\"elementor-button-text\">LEER M\u00c1S<\/span>\n\t\t\t\t\t<\/span>\n\t\t\t\t\t<\/a>\n\t\t\t\t\t\t\t\t<\/div>\n\t\t\t\t<\/div>\n\t\t<div class=\"elementor-element elementor-element-11ed9700 e-con-full e-flex e-con e-child\" data-id=\"11ed9700\" data-element_type=\"container\" data-e-type=\"container\">\n\t\t\t\t<div class=\"elementor-element elementor-element-c54b8cf elementor-widget elementor-widget-image\" data-id=\"c54b8cf\" data-element_type=\"widget\" data-e-type=\"widget\" data-widget_type=\"image.default\">\n\t\t\t\t\t\t\t\t\t\t\t\t\t\t\t<img fetchpriority=\"high\" decoding=\"async\" width=\"800\" height=\"483\" src=\"https:\/\/carlosgonzalezr.com\/v02\/wp-content\/uploads\/2026\/03\/Pintura-1-Carlos-Gonzalez-web-1024x618.png\" class=\"attachment-large size-large wp-image-385\" alt=\"\" srcset=\"https:\/\/carlosgonzalezr.com\/v02\/wp-content\/uploads\/2026\/03\/Pintura-1-Carlos-Gonzalez-web-1024x618.png 1024w, https:\/\/carlosgonzalezr.com\/v02\/wp-content\/uploads\/2026\/03\/Pintura-1-Carlos-Gonzalez-web-300x181.png 300w, https:\/\/carlosgonzalezr.com\/v02\/wp-content\/uploads\/2026\/03\/Pintura-1-Carlos-Gonzalez-web-768x464.png 768w, https:\/\/carlosgonzalezr.com\/v02\/wp-content\/uploads\/2026\/03\/Pintura-1-Carlos-Gonzalez-web-1536x927.png 1536w, https:\/\/carlosgonzalezr.com\/v02\/wp-content\/uploads\/2026\/03\/Pintura-1-Carlos-Gonzalez-web-2048x1236.png 2048w\" sizes=\"(max-width: 800px) 100vw, 800px\" \/>\t\t\t\t\t\t\t\t\t\t\t\t\t\t\t<\/div>\n\t\t\t\t<\/div>\n\t\t\t\t\t<\/div>\n\t\t\t\t<\/div>\n\t\t<div class=\"elementor-element elementor-element-842f121 e-flex e-con-boxed e-con e-parent\" data-id=\"842f121\" data-element_type=\"container\" data-e-type=\"container\" data-settings=\"{&quot;background_background&quot;:&quot;classic&quot;}\">\n\t\t\t\t\t<div class=\"e-con-inner\">\n\t\t<div class=\"elementor-element elementor-element-cb6fea4 e-con-full e-flex e-con e-child\" data-id=\"cb6fea4\" data-element_type=\"container\" data-e-type=\"container\">\n\t\t\t\t<div class=\"elementor-element elementor-element-51bf146 elementor-widget-mobile__width-initial elementor-widget elementor-widget-heading\" data-id=\"51bf146\" data-element_type=\"widget\" data-e-type=\"widget\" data-widget_type=\"heading.default\">\n\t\t\t\t\t<h2 class=\"elementor-heading-title elementor-size-default\"><b>Dise\u00f1o gr\u00e1fico<\/b>: pensamiento, tipograf\u00eda y pa\u00eds\u200b\n<\/h2>\t\t\t\t<\/div>\n\t\t\t\t<div class=\"elementor-element elementor-element-1932c3c elementor-widget elementor-widget-button\" data-id=\"1932c3c\" data-element_type=\"widget\" data-e-type=\"widget\" data-widget_type=\"button.default\">\n\t\t\t\t\t\t\t\t\t\t<a class=\"elementor-button elementor-button-link elementor-size-sm\" href=\"https:\/\/carlosgonzalezr.com\/v02\/2026\/03\/13\/diseno-grafico\/\">\n\t\t\t\t\t\t<span class=\"elementor-button-content-wrapper\">\n\t\t\t\t\t\t\t\t\t<span class=\"elementor-button-text\">LEER M\u00c1S<\/span>\n\t\t\t\t\t<\/span>\n\t\t\t\t\t<\/a>\n\t\t\t\t\t\t\t\t<\/div>\n\t\t\t\t<\/div>\n\t\t<div class=\"elementor-element elementor-element-cf2e320 e-con-full e-flex e-con e-child\" data-id=\"cf2e320\" data-element_type=\"container\" data-e-type=\"container\">\n\t\t\t\t<div class=\"elementor-element elementor-element-e9eda5e elementor-widget elementor-widget-image\" data-id=\"e9eda5e\" data-element_type=\"widget\" data-e-type=\"widget\" data-widget_type=\"image.default\">\n\t\t\t\t\t\t\t\t\t\t\t\t\t\t\t<img decoding=\"async\" width=\"246\" height=\"355\" src=\"https:\/\/carlosgonzalezr.com\/v02\/wp-content\/uploads\/2026\/03\/151.jpg\" class=\"attachment-large size-large wp-image-418\" alt=\"\" srcset=\"https:\/\/carlosgonzalezr.com\/v02\/wp-content\/uploads\/2026\/03\/151.jpg 246w, https:\/\/carlosgonzalezr.com\/v02\/wp-content\/uploads\/2026\/03\/151-208x300.jpg 208w\" sizes=\"(max-width: 246px) 100vw, 246px\" \/>\t\t\t\t\t\t\t\t\t\t\t\t\t\t\t<\/div>\n\t\t\t\t<\/div>\n\t\t\t\t\t<\/div>\n\t\t\t\t<\/div>\n\t\t<div class=\"elementor-element elementor-element-15917ba e-flex e-con-boxed e-con e-parent\" data-id=\"15917ba\" data-element_type=\"container\" data-e-type=\"container\" data-settings=\"{&quot;background_background&quot;:&quot;classic&quot;}\">\n\t\t\t\t\t<div class=\"e-con-inner\">\n\t\t<div class=\"elementor-element elementor-element-b6b3efd e-con-full e-flex e-con e-child\" data-id=\"b6b3efd\" data-element_type=\"container\" data-e-type=\"container\">\n\t\t\t\t<div class=\"elementor-element elementor-element-988ac52 elementor-widget elementor-widget-image\" data-id=\"988ac52\" data-element_type=\"widget\" data-e-type=\"widget\" data-widget_type=\"image.default\">\n\t\t\t\t\t\t\t\t\t\t\t\t\t\t\t<img decoding=\"async\" width=\"800\" height=\"800\" src=\"https:\/\/carlosgonzalezr.com\/v02\/wp-content\/uploads\/2026\/02\/Diseno-sin-titulo-7-1-1024x1024.png\" class=\"attachment-large size-large wp-image-292\" alt=\"\" srcset=\"https:\/\/carlosgonzalezr.com\/v02\/wp-content\/uploads\/2026\/02\/Diseno-sin-titulo-7-1-1024x1024.png 1024w, https:\/\/carlosgonzalezr.com\/v02\/wp-content\/uploads\/2026\/02\/Diseno-sin-titulo-7-1-300x300.png 300w, https:\/\/carlosgonzalezr.com\/v02\/wp-content\/uploads\/2026\/02\/Diseno-sin-titulo-7-1-150x150.png 150w, https:\/\/carlosgonzalezr.com\/v02\/wp-content\/uploads\/2026\/02\/Diseno-sin-titulo-7-1-768x768.png 768w, https:\/\/carlosgonzalezr.com\/v02\/wp-content\/uploads\/2026\/02\/Diseno-sin-titulo-7-1.png 1080w\" sizes=\"(max-width: 800px) 100vw, 800px\" \/>\t\t\t\t\t\t\t\t\t\t\t\t\t\t\t<\/div>\n\t\t\t\t<\/div>\n\t\t<div class=\"elementor-element elementor-element-197dad8 e-flex e-con-boxed e-con e-child\" data-id=\"197dad8\" data-element_type=\"container\" data-e-type=\"container\">\n\t\t\t\t\t<div class=\"e-con-inner\">\n\t\t\t\t<div class=\"elementor-element elementor-element-0e2eef5 elementor-widget-mobile__width-initial elementor-widget elementor-widget-heading\" data-id=\"0e2eef5\" data-element_type=\"widget\" data-e-type=\"widget\" data-widget_type=\"heading.default\">\n\t\t\t\t\t<h2 class=\"elementor-heading-title elementor-size-default\">\n<b>Escultura<\/b>: materia, monumentalidad y antiguo Per\u00fa<\/h2>\t\t\t\t<\/div>\n\t\t\t\t<div class=\"elementor-element elementor-element-e1d952d elementor-align-right elementor-widget elementor-widget-button\" data-id=\"e1d952d\" data-element_type=\"widget\" data-e-type=\"widget\" data-widget_type=\"button.default\">\n\t\t\t\t\t\t\t\t\t\t<a class=\"elementor-button elementor-button-link elementor-size-sm\" href=\"https:\/\/carlosgonzalezr.com\/v02\/2026\/03\/07\/escultura\/\">\n\t\t\t\t\t\t<span class=\"elementor-button-content-wrapper\">\n\t\t\t\t\t\t\t\t\t<span class=\"elementor-button-text\">LEER M\u00c1S<\/span>\n\t\t\t\t\t<\/span>\n\t\t\t\t\t<\/a>\n\t\t\t\t\t\t\t\t<\/div>\n\t\t\t\t\t<\/div>\n\t\t\t\t<\/div>\n\t\t\t\t\t<\/div>\n\t\t\t\t<\/div>\n\t\t<div class=\"elementor-element elementor-element-52abebd e-con-full e-flex e-con e-parent\" data-id=\"52abebd\" data-element_type=\"container\" data-e-type=\"container\" data-settings=\"{&quot;background_background&quot;:&quot;classic&quot;}\">\n\t\t<div class=\"elementor-element elementor-element-c208536 e-con-full e-flex e-con e-child\" data-id=\"c208536\" data-element_type=\"container\" data-e-type=\"container\">\n\t\t\t\t<div class=\"elementor-element elementor-element-03cd167 elementor-widget elementor-widget-image\" data-id=\"03cd167\" data-element_type=\"widget\" data-e-type=\"widget\" data-widget_type=\"image.default\">\n\t\t\t\t\t\t\t\t\t\t\t\t\t\t\t<img loading=\"lazy\" decoding=\"async\" width=\"800\" height=\"612\" src=\"https:\/\/carlosgonzalezr.com\/v02\/wp-content\/uploads\/2026\/03\/Bodegones-3_4-1-Carlos-Gonzalez-Archivo-1024x783.png\" class=\"attachment-large size-large wp-image-412\" alt=\"\" srcset=\"https:\/\/carlosgonzalezr.com\/v02\/wp-content\/uploads\/2026\/03\/Bodegones-3_4-1-Carlos-Gonzalez-Archivo-1024x783.png 1024w, https:\/\/carlosgonzalezr.com\/v02\/wp-content\/uploads\/2026\/03\/Bodegones-3_4-1-Carlos-Gonzalez-Archivo-300x229.png 300w, https:\/\/carlosgonzalezr.com\/v02\/wp-content\/uploads\/2026\/03\/Bodegones-3_4-1-Carlos-Gonzalez-Archivo-768x587.png 768w, https:\/\/carlosgonzalezr.com\/v02\/wp-content\/uploads\/2026\/03\/Bodegones-3_4-1-Carlos-Gonzalez-Archivo-1536x1175.png 1536w, https:\/\/carlosgonzalezr.com\/v02\/wp-content\/uploads\/2026\/03\/Bodegones-3_4-1-Carlos-Gonzalez-Archivo.png 1700w\" sizes=\"(max-width: 800px) 100vw, 800px\" \/>\t\t\t\t\t\t\t\t\t\t\t\t\t\t\t<\/div>\n\t\t\t\t<\/div>\n\t\t<div class=\"elementor-element elementor-element-037db73 e-flex e-con-boxed e-con e-child\" data-id=\"037db73\" data-element_type=\"container\" data-e-type=\"container\">\n\t\t\t\t\t<div class=\"e-con-inner\">\n\t\t\t\t<div class=\"elementor-element elementor-element-27cac18 elementor-widget-mobile__width-initial elementor-widget elementor-widget-heading\" data-id=\"27cac18\" data-element_type=\"widget\" data-e-type=\"widget\" data-widget_type=\"heading.default\">\n\t\t\t\t\t<h2 class=\"elementor-heading-title elementor-size-default\"><b>Bodegones<\/b>: La forma del espacio, geometr\u00eda y tradici\u00f3n\n<\/h2>\t\t\t\t<\/div>\n\t\t\t\t<div class=\"elementor-element elementor-element-d7501a9 elementor-align-center elementor-widget elementor-widget-button\" data-id=\"d7501a9\" data-element_type=\"widget\" data-e-type=\"widget\" data-widget_type=\"button.default\">\n\t\t\t\t\t\t\t\t\t\t<a class=\"elementor-button elementor-button-link elementor-size-sm\" href=\"https:\/\/carlosgonzalezr.com\/v02\/2026\/03\/07\/bodegones\/\">\n\t\t\t\t\t\t<span class=\"elementor-button-content-wrapper\">\n\t\t\t\t\t\t\t\t\t<span class=\"elementor-button-text\">LEER M\u00c1S<\/span>\n\t\t\t\t\t<\/span>\n\t\t\t\t\t<\/a>\n\t\t\t\t\t\t\t\t<\/div>\n\t\t\t\t\t<\/div>\n\t\t\t\t<\/div>\n\t\t\t\t<\/div>\n\t\t\t\t<\/div>\n\t\t","protected":false},"excerpt":{"rendered":"<p>La pintura y la construcci\u00f3n del espacio. Geometr\u00eda y matem\u00e1tica como lenguaje visual LEER M\u00c1S Dise\u00f1o gr\u00e1fico: pensamiento, tipograf\u00eda y pa\u00eds\u200b LEER M\u00c1S Escultura: materia, monumentalidad y antiguo Per\u00fa LEER M\u00c1S Bodegones: La forma del espacio, geometr\u00eda y tradici\u00f3n LEER M\u00c1S<\/p>\n","protected":false},"author":1,"featured_media":0,"parent":0,"menu_order":0,"comment_status":"closed","ping_status":"closed","template":"","meta":{"footnotes":""},"class_list":["post-305","page","type-page","status-publish","hentry"],"_links":{"self":[{"href":"https:\/\/carlosgonzalezr.com\/v02\/wp-json\/wp\/v2\/pages\/305","targetHints":{"allow":["GET"]}}],"collection":[{"href":"https:\/\/carlosgonzalezr.com\/v02\/wp-json\/wp\/v2\/pages"}],"about":[{"href":"https:\/\/carlosgonzalezr.com\/v02\/wp-json\/wp\/v2\/types\/page"}],"author":[{"embeddable":true,"href":"https:\/\/carlosgonzalezr.com\/v02\/wp-json\/wp\/v2\/users\/1"}],"replies":[{"embeddable":true,"href":"https:\/\/carlosgonzalezr.com\/v02\/wp-json\/wp\/v2\/comments?post=305"}],"version-history":[{"count":40,"href":"https:\/\/carlosgonzalezr.com\/v02\/wp-json\/wp\/v2\/pages\/305\/revisions"}],"predecessor-version":[{"id":580,"href":"https:\/\/carlosgonzalezr.com\/v02\/wp-json\/wp\/v2\/pages\/305\/revisions\/580"}],"wp:attachment":[{"href":"https:\/\/carlosgonzalezr.com\/v02\/wp-json\/wp\/v2\/media?parent=305"}],"curies":[{"name":"wp","href":"https:\/\/api.w.org\/{rel}","templated":true}]}}