{"id":123,"date":"2026-02-12T23:09:28","date_gmt":"2026-02-13T04:09:28","guid":{"rendered":"https:\/\/carlosgonzalezr.com\/v02\/?page_id=123"},"modified":"2026-02-18T22:13:56","modified_gmt":"2026-02-19T03:13:56","slug":"contacto","status":"publish","type":"page","link":"https:\/\/carlosgonzalezr.com\/v02\/contacto\/","title":{"rendered":"Contacto"},"content":{"rendered":"\t\t<div data-elementor-type=\"wp-page\" data-elementor-id=\"123\" class=\"elementor elementor-123\">\n\t\t\t\t<div class=\"elementor-element elementor-element-493d1ad3 e-con-full e-flex e-con e-parent\" data-id=\"493d1ad3\" data-element_type=\"container\" data-e-type=\"container\" data-settings=\"{&quot;background_background&quot;:&quot;classic&quot;}\">\n\t\t<div class=\"elementor-element elementor-element-48d2c5b8 e-con-full e-flex e-con e-child\" data-id=\"48d2c5b8\" data-element_type=\"container\" data-e-type=\"container\">\n\t\t\t\t<div class=\"elementor-element elementor-element-7a46f439 elementor-widget elementor-widget-image\" data-id=\"7a46f439\" data-element_type=\"widget\" data-e-type=\"widget\" data-widget_type=\"image.default\">\n\t\t\t\t\t\t\t\t\t\t\t\t\t\t\t<img fetchpriority=\"high\" decoding=\"async\" width=\"800\" height=\"360\" src=\"https:\/\/carlosgonzalezr.com\/v02\/wp-content\/uploads\/2026\/02\/Banner-web-Archivo-9-1-1024x461.png\" class=\"attachment-large size-large wp-image-250\" alt=\"\" srcset=\"https:\/\/carlosgonzalezr.com\/v02\/wp-content\/uploads\/2026\/02\/Banner-web-Archivo-9-1-1024x461.png 1024w, https:\/\/carlosgonzalezr.com\/v02\/wp-content\/uploads\/2026\/02\/Banner-web-Archivo-9-1-300x135.png 300w, https:\/\/carlosgonzalezr.com\/v02\/wp-content\/uploads\/2026\/02\/Banner-web-Archivo-9-1-768x346.png 768w, https:\/\/carlosgonzalezr.com\/v02\/wp-content\/uploads\/2026\/02\/Banner-web-Archivo-9-1-1536x691.png 1536w, https:\/\/carlosgonzalezr.com\/v02\/wp-content\/uploads\/2026\/02\/Banner-web-Archivo-9-1.png 2000w\" sizes=\"(max-width: 800px) 100vw, 800px\" \/>\t\t\t\t\t\t\t\t\t\t\t\t\t\t\t<\/div>\n\t\t\t\t<\/div>\n\t\t<div class=\"elementor-element elementor-element-1402240c e-con-full e-flex e-con e-child\" data-id=\"1402240c\" data-element_type=\"container\" data-e-type=\"container\">\n\t\t\t\t<div class=\"elementor-element elementor-element-aeced07 elementor-widget elementor-widget-text-editor\" data-id=\"aeced07\" data-element_type=\"widget\" data-e-type=\"widget\" data-widget_type=\"text-editor.default\">\n\t\t\t\t\t\t\t\t\t<p data-start=\"169\" data-end=\"328\">El <strong>Archivo Carlos Gonz\u00e1lez Ram\u00edrez<\/strong> atiende consultas de car\u00e1cter curatorial, acad\u00e9mico, editorial e institucional relacionadas con la obra del artista.<\/p>\n<p data-start=\"330\" data-end=\"522\">Para solicitudes de informaci\u00f3n, colaboraciones, exposiciones, publicaciones o acceso al archivo, puede comunicarse a trav\u00e9s del siguiente formulario o mediante el correo electr\u00f3nico indicado.<\/p>\t\t\t\t\t\t\t\t<\/div>\n\t\t\t\t<div class=\"elementor-element elementor-element-7e2c2206 elementor-align-start elementor-icon-list--layout-traditional elementor-list-item-link-full_width elementor-widget elementor-widget-icon-list\" data-id=\"7e2c2206\" data-element_type=\"widget\" data-e-type=\"widget\" data-widget_type=\"icon-list.default\">\n\t\t\t\t\t\t\t<ul class=\"elementor-icon-list-items\">\n\t\t\t\t\t\t\t<li class=\"elementor-icon-list-item\">\n\t\t\t\t\t\t\t\t\t\t<span class=\"elementor-icon-list-text\"><b>Tel\u00e9fono:<\/b> +51 987 208 078 |  +51 952 198 579  |  +51 987 815 568<\/span>\n\t\t\t\t\t\t\t\t\t<\/li>\n\t\t\t\t\t\t\t\t<li class=\"elementor-icon-list-item\">\n\t\t\t\t\t\t\t\t\t\t<span class=\"elementor-icon-list-text\"><b>Email:<\/b>  carolagr.adm@gmail.com<\/span>\n\t\t\t\t\t\t\t\t\t<\/li>\n\t\t\t\t\t\t<\/ul>\n\t\t\t\t\t\t<\/div>\n\t\t\t\t<\/div>\n\t\t\t\t<\/div>\n\t\t\t\t<\/div>\n\t\t","protected":false},"excerpt":{"rendered":"<p>El Archivo Carlos Gonz\u00e1lez Ram\u00edrez atiende consultas de car\u00e1cter curatorial, acad\u00e9mico, editorial e institucional relacionadas con la obra del artista. Para solicitudes de informaci\u00f3n, colaboraciones, exposiciones, publicaciones o acceso al archivo, puede comunicarse a trav\u00e9s del siguiente formulario o mediante el correo electr\u00f3nico indicado. Tel\u00e9fono: +51 987 208 078 | +51 952 198 579 | [&hellip;]<\/p>\n","protected":false},"author":1,"featured_media":0,"parent":0,"menu_order":0,"comment_status":"closed","ping_status":"closed","template":"","meta":{"footnotes":""},"class_list":["post-123","page","type-page","status-publish","hentry"],"_links":{"self":[{"href":"https:\/\/carlosgonzalezr.com\/v02\/wp-json\/wp\/v2\/pages\/123","targetHints":{"allow":["GET"]}}],"collection":[{"href":"https:\/\/carlosgonzalezr.com\/v02\/wp-json\/wp\/v2\/pages"}],"about":[{"href":"https:\/\/carlosgonzalezr.com\/v02\/wp-json\/wp\/v2\/types\/page"}],"author":[{"embeddable":true,"href":"https:\/\/carlosgonzalezr.com\/v02\/wp-json\/wp\/v2\/users\/1"}],"replies":[{"embeddable":true,"href":"https:\/\/carlosgonzalezr.com\/v02\/wp-json\/wp\/v2\/comments?post=123"}],"version-history":[{"count":19,"href":"https:\/\/carlosgonzalezr.com\/v02\/wp-json\/wp\/v2\/pages\/123\/revisions"}],"predecessor-version":[{"id":261,"href":"https:\/\/carlosgonzalezr.com\/v02\/wp-json\/wp\/v2\/pages\/123\/revisions\/261"}],"wp:attachment":[{"href":"https:\/\/carlosgonzalezr.com\/v02\/wp-json\/wp\/v2\/media?parent=123"}],"curies":[{"name":"wp","href":"https:\/\/api.w.org\/{rel}","templated":true}]}}