{"id":106,"date":"2026-02-12T23:06:56","date_gmt":"2026-02-13T04:06:56","guid":{"rendered":"https:\/\/carlosgonzalezr.com\/v02\/?page_id=106"},"modified":"2026-03-16T23:25:09","modified_gmt":"2026-03-17T04:25:09","slug":"inicio-2","status":"publish","type":"page","link":"https:\/\/carlosgonzalezr.com\/v02\/","title":{"rendered":""},"content":{"rendered":"\t\t<div data-elementor-type=\"wp-page\" data-elementor-id=\"106\" class=\"elementor elementor-106\">\n\t\t\t\t<div class=\"elementor-element elementor-element-1a0f5482 e-con-full e-flex e-con e-parent\" data-id=\"1a0f5482\" data-element_type=\"container\" data-e-type=\"container\" data-settings=\"{&quot;background_background&quot;:&quot;slideshow&quot;,&quot;background_slideshow_gallery&quot;:[{&quot;id&quot;:144,&quot;url&quot;:&quot;https:\\\/\\\/carlosgonzalezr.com\\\/v02\\\/wp-content\\\/uploads\\\/2026\\\/02\\\/Banner-web-Archivo-1.png&quot;}],&quot;background_slideshow_loop&quot;:&quot;yes&quot;,&quot;background_slideshow_slide_duration&quot;:5000,&quot;background_slideshow_slide_transition&quot;:&quot;fade&quot;,&quot;background_slideshow_transition_duration&quot;:500}\">\n\t\t<div class=\"elementor-element elementor-element-2d3993ae e-con-full e-flex e-con e-child\" data-id=\"2d3993ae\" data-element_type=\"container\" data-e-type=\"container\">\n\t\t\t\t<div class=\"elementor-element elementor-element-1a466979 elementor-widget elementor-widget-heading\" data-id=\"1a466979\" data-element_type=\"widget\" data-e-type=\"widget\" data-widget_type=\"heading.default\">\n\t\t\t\t\t<h1 class=\"elementor-heading-title elementor-size-default\">Espacio, <b>forma <\/b>y <b>lenguaje <\/b>visual<\/h1>\t\t\t\t<\/div>\n\t\t\t\t<div class=\"elementor-element elementor-element-70bc4d04 elementor-widget elementor-widget-text-editor\" data-id=\"70bc4d04\" data-element_type=\"widget\" data-e-type=\"widget\" data-widget_type=\"text-editor.default\">\n\t\t\t\t\t\t\t\t\t<p>Una aproximaci\u00f3n a la obra <br>de Carlos Gonz\u00e1lez Ram\u00edrez<\/p>\t\t\t\t\t\t\t\t<\/div>\n\t\t<div class=\"elementor-element elementor-element-bc77c3f e-grid e-con-full e-con e-child\" data-id=\"bc77c3f\" data-element_type=\"container\" data-e-type=\"container\">\n\t\t\t\t<div class=\"elementor-element elementor-element-4d4960a8 elementor-mobile-align-center elementor-align-right elementor-widget elementor-widget-button\" data-id=\"4d4960a8\" data-element_type=\"widget\" data-e-type=\"widget\" data-widget_type=\"button.default\">\n\t\t\t\t\t\t\t\t\t\t<a class=\"elementor-button elementor-button-link elementor-size-sm\" href=\"https:\/\/carlosgonzalezr.com\/v02\/obra\/\">\n\t\t\t\t\t\t<span class=\"elementor-button-content-wrapper\">\n\t\t\t\t\t\t\t\t\t<span class=\"elementor-button-text\">EXPLORAR OBRA<\/span>\n\t\t\t\t\t<\/span>\n\t\t\t\t\t<\/a>\n\t\t\t\t\t\t\t\t<\/div>\n\t\t\t\t<div class=\"elementor-element elementor-element-d90f1fa elementor-mobile-align-center elementor-align-left elementor-widget elementor-widget-button\" data-id=\"d90f1fa\" data-element_type=\"widget\" data-e-type=\"widget\" data-widget_type=\"button.default\">\n\t\t\t\t\t\t\t\t\t\t<a class=\"elementor-button elementor-button-link elementor-size-sm\" href=\"https:\/\/carlosgonzalezr.com\/v02\/inicio\/\">\n\t\t\t\t\t\t<span class=\"elementor-button-content-wrapper\">\n\t\t\t\t\t\t\t\t\t<span class=\"elementor-button-text\">SOBRE EL ARCHIVO<\/span>\n\t\t\t\t\t<\/span>\n\t\t\t\t\t<\/a>\n\t\t\t\t\t\t\t\t<\/div>\n\t\t\t\t<\/div>\n\t\t\t\t<\/div>\n\t\t\t\t<\/div>\n\t\t<div class=\"elementor-element elementor-element-4285b301 e-flex e-con-boxed e-con e-parent\" data-id=\"4285b301\" data-element_type=\"container\" data-e-type=\"container\">\n\t\t\t\t\t<div class=\"e-con-inner\">\n\t\t<div class=\"elementor-element elementor-element-5f26a29b e-con-full e-flex e-con e-child\" data-id=\"5f26a29b\" data-element_type=\"container\" data-e-type=\"container\">\n\t\t\t\t<div class=\"elementor-element elementor-element-c0c1945 elementor-widget elementor-widget-image\" data-id=\"c0c1945\" data-element_type=\"widget\" data-e-type=\"widget\" data-widget_type=\"image.default\">\n\t\t\t\t\t\t\t\t\t\t\t\t\t\t\t<img fetchpriority=\"high\" decoding=\"async\" width=\"768\" height=\"346\" src=\"https:\/\/carlosgonzalezr.com\/v02\/wp-content\/uploads\/2026\/02\/Banner-web-Archivo-4-768x346.png\" class=\"attachment-medium_large size-medium_large wp-image-176\" alt=\"Archivo Carlos Gonz\u00e1lez Ram\u00edrez Escritorio fotograf\u00eda\" srcset=\"https:\/\/carlosgonzalezr.com\/v02\/wp-content\/uploads\/2026\/02\/Banner-web-Archivo-4-768x346.png 768w, https:\/\/carlosgonzalezr.com\/v02\/wp-content\/uploads\/2026\/02\/Banner-web-Archivo-4-300x135.png 300w, https:\/\/carlosgonzalezr.com\/v02\/wp-content\/uploads\/2026\/02\/Banner-web-Archivo-4-1024x461.png 1024w, https:\/\/carlosgonzalezr.com\/v02\/wp-content\/uploads\/2026\/02\/Banner-web-Archivo-4-1536x691.png 1536w, https:\/\/carlosgonzalezr.com\/v02\/wp-content\/uploads\/2026\/02\/Banner-web-Archivo-4-e1770963175361.png 700w\" sizes=\"(max-width: 768px) 100vw, 768px\" \/>\t\t\t\t\t\t\t\t\t\t\t\t\t\t\t<\/div>\n\t\t<div class=\"elementor-element elementor-element-d16a2e3 e-con-full e-flex e-con e-child\" data-id=\"d16a2e3\" data-element_type=\"container\" data-e-type=\"container\">\n\t\t\t\t<div class=\"elementor-element elementor-element-ace09ba elementor-widget elementor-widget-image\" data-id=\"ace09ba\" data-element_type=\"widget\" data-e-type=\"widget\" data-widget_type=\"image.default\">\n\t\t\t\t\t\t\t\t\t\t\t\t\t\t\t<img decoding=\"async\" width=\"800\" height=\"360\" src=\"https:\/\/carlosgonzalezr.com\/v02\/wp-content\/uploads\/2026\/02\/Banner-web-Archivo-5-1024x461.png\" class=\"attachment-large size-large wp-image-180\" alt=\"\" srcset=\"https:\/\/carlosgonzalezr.com\/v02\/wp-content\/uploads\/2026\/02\/Banner-web-Archivo-5-1024x461.png 1024w, https:\/\/carlosgonzalezr.com\/v02\/wp-content\/uploads\/2026\/02\/Banner-web-Archivo-5-300x135.png 300w, https:\/\/carlosgonzalezr.com\/v02\/wp-content\/uploads\/2026\/02\/Banner-web-Archivo-5-768x346.png 768w, https:\/\/carlosgonzalezr.com\/v02\/wp-content\/uploads\/2026\/02\/Banner-web-Archivo-5-1536x691.png 1536w, https:\/\/carlosgonzalezr.com\/v02\/wp-content\/uploads\/2026\/02\/Banner-web-Archivo-5-e1770963320592.png 500w\" sizes=\"(max-width: 800px) 100vw, 800px\" \/>\t\t\t\t\t\t\t\t\t\t\t\t\t\t\t<\/div>\n\t\t\t\t<\/div>\n\t\t\t\t<\/div>\n\t\t<div class=\"elementor-element elementor-element-43efa9c2 e-con-full e-flex e-con e-child\" data-id=\"43efa9c2\" data-element_type=\"container\" data-e-type=\"container\">\n\t\t\t\t<div class=\"elementor-element elementor-element-1f16181c elementor-widget elementor-widget-heading\" data-id=\"1f16181c\" data-element_type=\"widget\" data-e-type=\"widget\" data-widget_type=\"heading.default\">\n\t\t\t\t\t<h3 class=\"elementor-heading-title elementor-size-default\">El proyecto<\/h3>\t\t\t\t<\/div>\n\t\t\t\t<div class=\"elementor-element elementor-element-34981c3d elementor-widget elementor-widget-text-editor\" data-id=\"34981c3d\" data-element_type=\"widget\" data-e-type=\"widget\" data-widget_type=\"text-editor.default\">\n\t\t\t\t\t\t\t\t\t<p data-start=\"559\" data-end=\"754\">El <b>Archivo Carlos Gonz\u00e1lez Ram\u00edrez<\/b> es una plataforma dedicada a preservar, organizar y proyectar la obra del artista, integrando pintura, dise\u00f1o gr\u00e1fico, escultura y producci\u00f3n editorial.<\/p>\n<p data-start=\"756\" data-end=\"903\">Este espacio re\u00fane su trabajo bajo un criterio curatorial y archiv\u00edstico que permite comprender la coherencia estructural de su pensamiento visual.<\/p>\t\t\t\t\t\t\t\t<\/div>\n\t\t\t\t<div class=\"elementor-element elementor-element-5fdff24f elementor-mobile-align-center elementor-invisible elementor-widget elementor-widget-button\" data-id=\"5fdff24f\" data-element_type=\"widget\" data-e-type=\"widget\" data-settings=\"{&quot;_animation&quot;:&quot;fadeInDown&quot;}\" data-widget_type=\"button.default\">\n\t\t\t\t\t\t\t\t\t\t<a class=\"elementor-button elementor-button-link elementor-size-sm\" href=\"https:\/\/carlosgonzalezr.com\/v02\/inicio\/\">\n\t\t\t\t\t\t<span class=\"elementor-button-content-wrapper\">\n\t\t\t\t\t\t\t\t\t<span class=\"elementor-button-text\">LEER M\u00c1S<\/span>\n\t\t\t\t\t<\/span>\n\t\t\t\t\t<\/a>\n\t\t\t\t\t\t\t\t<\/div>\n\t\t\t\t<\/div>\n\t\t\t\t\t<\/div>\n\t\t\t\t<\/div>\n\t\t<div class=\"elementor-element elementor-element-1cde3511 e-flex e-con-boxed e-con e-parent\" data-id=\"1cde3511\" data-element_type=\"container\" data-e-type=\"container\" data-settings=\"{&quot;background_background&quot;:&quot;classic&quot;}\">\n\t\t\t\t\t<div class=\"e-con-inner\">\n\t\t\t\t<div class=\"elementor-element elementor-element-5b500bb9 elementor-widget elementor-widget-heading\" data-id=\"5b500bb9\" data-element_type=\"widget\" data-e-type=\"widget\" data-widget_type=\"heading.default\">\n\t\t\t\t\t<h3 class=\"elementor-heading-title elementor-size-default\">Pensamiento geom\u00e9trico<\/h3>\t\t\t\t<\/div>\n\t\t\t\t<div class=\"elementor-element elementor-element-78ac1e0 elementor-widget elementor-widget-image\" data-id=\"78ac1e0\" data-element_type=\"widget\" data-e-type=\"widget\" data-widget_type=\"image.default\">\n\t\t\t\t\t\t\t\t\t\t\t\t\t\t\t<img decoding=\"async\" width=\"800\" height=\"360\" src=\"https:\/\/carlosgonzalezr.com\/v02\/wp-content\/uploads\/2026\/02\/Banner-web-Archivo-6-1024x461.png\" class=\"attachment-large size-large wp-image-193\" alt=\"Cuadro Carlos Gonz\u00e1lez Archivo\" srcset=\"https:\/\/carlosgonzalezr.com\/v02\/wp-content\/uploads\/2026\/02\/Banner-web-Archivo-6-1024x461.png 1024w, https:\/\/carlosgonzalezr.com\/v02\/wp-content\/uploads\/2026\/02\/Banner-web-Archivo-6-300x135.png 300w, https:\/\/carlosgonzalezr.com\/v02\/wp-content\/uploads\/2026\/02\/Banner-web-Archivo-6-768x346.png 768w, https:\/\/carlosgonzalezr.com\/v02\/wp-content\/uploads\/2026\/02\/Banner-web-Archivo-6-1536x691.png 1536w, https:\/\/carlosgonzalezr.com\/v02\/wp-content\/uploads\/2026\/02\/Banner-web-Archivo-6.png 2000w\" sizes=\"(max-width: 800px) 100vw, 800px\" \/>\t\t\t\t\t\t\t\t\t\t\t\t\t\t\t<\/div>\n\t\t\t\t<div class=\"elementor-element elementor-element-233020ba elementor-widget__width-initial elementor-widget elementor-widget-text-editor\" data-id=\"233020ba\" data-element_type=\"widget\" data-e-type=\"widget\" data-widget_type=\"text-editor.default\">\n\t\t\t\t\t\t\t\t\t<p data-start=\"949\" data-end=\"1213\">La obra de <b>Carlos Gonz\u00e1lez Ram\u00edrez <\/b>se organiza a partir de la geometr\u00eda como principio estructurante. L\u00edneas, planos y proporciones \u2014vinculadas a la serie de Fibonacci y la proporci\u00f3n \u00e1urea\u2014 no operan como f\u00f3rmulas, sino como fundamentos silenciosos de equilibrio.<\/p><p data-start=\"1215\" data-end=\"1320\">La pintura, el dise\u00f1o y la escultura comparten un mismo horizonte constructivo: el espacio como lenguaje.<\/p>\t\t\t\t\t\t\t\t<\/div>\n\t\t\t\t<div class=\"elementor-element elementor-element-1f66e0ba elementor-align-center elementor-mobile-align-center elementor-widget elementor-widget-button\" data-id=\"1f66e0ba\" data-element_type=\"widget\" data-e-type=\"widget\" data-widget_type=\"button.default\">\n\t\t\t\t\t\t\t\t\t\t<a class=\"elementor-button elementor-button-link elementor-size-sm\" href=\"https:\/\/carlosgonzalezr.com\/v02\/obra\/\">\n\t\t\t\t\t\t<span class=\"elementor-button-content-wrapper\">\n\t\t\t\t\t\t\t\t\t<span class=\"elementor-button-text\">VER OBRA<\/span>\n\t\t\t\t\t<\/span>\n\t\t\t\t\t<\/a>\n\t\t\t\t\t\t\t\t<\/div>\n\t\t\t\t\t<\/div>\n\t\t\t\t<\/div>\n\t\t<div class=\"elementor-element elementor-element-1bba831b e-con-full e-flex e-con e-parent\" data-id=\"1bba831b\" data-element_type=\"container\" data-e-type=\"container\" id=\"next\">\n\t\t<div class=\"elementor-element elementor-element-7fe8138f e-con-full e-flex e-con e-child\" data-id=\"7fe8138f\" data-element_type=\"container\" data-e-type=\"container\">\n\t\t<div class=\"elementor-element elementor-element-81e5455 e-con-full e-flex e-con e-child\" data-id=\"81e5455\" data-element_type=\"container\" data-e-type=\"container\">\n\t\t\t\t<div class=\"elementor-element elementor-element-c413693 elementor-position-top elementor-widget elementor-widget-image-box\" data-id=\"c413693\" data-element_type=\"widget\" data-e-type=\"widget\" data-widget_type=\"image-box.default\">\n\t\t\t\t\t<div class=\"elementor-image-box-wrapper\"><figure class=\"elementor-image-box-img\"><a href=\"https:\/\/carlosgonzalezr.com\/v02\/2026\/03\/07\/la-pintura-y-la-construccion-del-espacio-geometria-y-matematica-como-lenguaje-visual\/\" tabindex=\"-1\"><img loading=\"lazy\" decoding=\"async\" width=\"2560\" height=\"1958\" src=\"https:\/\/carlosgonzalezr.com\/v02\/wp-content\/uploads\/2026\/03\/Pintura-4-Carlos-Gonzalez-web-scaled.png\" class=\"elementor-animation-grow attachment-full size-full wp-image-388\" alt=\"\" srcset=\"https:\/\/carlosgonzalezr.com\/v02\/wp-content\/uploads\/2026\/03\/Pintura-4-Carlos-Gonzalez-web-scaled.png 2560w, https:\/\/carlosgonzalezr.com\/v02\/wp-content\/uploads\/2026\/03\/Pintura-4-Carlos-Gonzalez-web-300x229.png 300w, https:\/\/carlosgonzalezr.com\/v02\/wp-content\/uploads\/2026\/03\/Pintura-4-Carlos-Gonzalez-web-1024x783.png 1024w, https:\/\/carlosgonzalezr.com\/v02\/wp-content\/uploads\/2026\/03\/Pintura-4-Carlos-Gonzalez-web-768x587.png 768w, https:\/\/carlosgonzalezr.com\/v02\/wp-content\/uploads\/2026\/03\/Pintura-4-Carlos-Gonzalez-web-1536x1175.png 1536w, https:\/\/carlosgonzalezr.com\/v02\/wp-content\/uploads\/2026\/03\/Pintura-4-Carlos-Gonzalez-web-2048x1566.png 2048w\" sizes=\"(max-width: 2560px) 100vw, 2560px\" \/><\/a><\/figure><div class=\"elementor-image-box-content\"><h4 class=\"elementor-image-box-title\"><a href=\"https:\/\/carlosgonzalezr.com\/v02\/2026\/03\/07\/la-pintura-y-la-construccion-del-espacio-geometria-y-matematica-como-lenguaje-visual\/\">Pintura<\/a><\/h4><p class=\"elementor-image-box-description\">Geometr\u00eda y matem\u00e1tica como lenguaje visual<\/p><\/div><\/div>\t\t\t\t<\/div>\n\t\t\t\t<\/div>\n\t\t<div class=\"elementor-element elementor-element-544664ec e-con-full e-flex e-con e-child\" data-id=\"544664ec\" data-element_type=\"container\" data-e-type=\"container\">\n\t\t\t\t<div class=\"elementor-element elementor-element-4c764525 elementor-position-top elementor-widget elementor-widget-image-box\" data-id=\"4c764525\" data-element_type=\"widget\" data-e-type=\"widget\" data-widget_type=\"image-box.default\">\n\t\t\t\t\t<div class=\"elementor-image-box-wrapper\"><figure class=\"elementor-image-box-img\"><a href=\"https:\/\/carlosgonzalezr.com\/v02\/2026\/03\/13\/diseno-grafico\/\" tabindex=\"-1\"><img loading=\"lazy\" decoding=\"async\" width=\"788\" height=\"700\" src=\"https:\/\/carlosgonzalezr.com\/v02\/wp-content\/uploads\/2026\/03\/432.png\" class=\"elementor-animation-grow attachment-full size-full wp-image-430\" alt=\"\" srcset=\"https:\/\/carlosgonzalezr.com\/v02\/wp-content\/uploads\/2026\/03\/432.png 788w, https:\/\/carlosgonzalezr.com\/v02\/wp-content\/uploads\/2026\/03\/432-300x266.png 300w, https:\/\/carlosgonzalezr.com\/v02\/wp-content\/uploads\/2026\/03\/432-768x682.png 768w\" sizes=\"(max-width: 788px) 100vw, 788px\" \/><\/a><\/figure><div class=\"elementor-image-box-content\"><h4 class=\"elementor-image-box-title\"><a href=\"https:\/\/carlosgonzalezr.com\/v02\/2026\/03\/13\/diseno-grafico\/\">Dise\u00f1o Gr\u00e1fico<\/a><\/h4><p class=\"elementor-image-box-description\">Pensamiento, tipograf\u00eda y pa\u00eds<\/p><\/div><\/div>\t\t\t\t<\/div>\n\t\t\t\t<\/div>\n\t\t<div class=\"elementor-element elementor-element-15d1d9af e-con-full e-flex e-con e-child\" data-id=\"15d1d9af\" data-element_type=\"container\" data-e-type=\"container\">\n\t\t\t\t<div class=\"elementor-element elementor-element-70b6b7c7 elementor-position-top elementor-widget elementor-widget-image-box\" data-id=\"70b6b7c7\" data-element_type=\"widget\" data-e-type=\"widget\" data-widget_type=\"image-box.default\">\n\t\t\t\t\t<div class=\"elementor-image-box-wrapper\"><figure class=\"elementor-image-box-img\"><a href=\"https:\/\/carlosgonzalezr.com\/v02\/2026\/03\/07\/escultura\/\" tabindex=\"-1\"><img loading=\"lazy\" decoding=\"async\" width=\"411\" height=\"443\" src=\"https:\/\/carlosgonzalezr.com\/v02\/wp-content\/uploads\/2026\/03\/409-1.jpg\" class=\"elementor-animation-grow attachment-full size-full wp-image-459\" alt=\"\" srcset=\"https:\/\/carlosgonzalezr.com\/v02\/wp-content\/uploads\/2026\/03\/409-1.jpg 411w, https:\/\/carlosgonzalezr.com\/v02\/wp-content\/uploads\/2026\/03\/409-1-278x300.jpg 278w\" sizes=\"(max-width: 411px) 100vw, 411px\" \/><\/a><\/figure><div class=\"elementor-image-box-content\"><h4 class=\"elementor-image-box-title\"><a href=\"https:\/\/carlosgonzalezr.com\/v02\/2026\/03\/07\/escultura\/\">Escultura<\/a><\/h4><p class=\"elementor-image-box-description\">Materia, monumentalidad y antiguo Per\u00fa<\/p><\/div><\/div>\t\t\t\t<\/div>\n\t\t\t\t<\/div>\n\t\t<div class=\"elementor-element elementor-element-7ff77c34 e-con-full e-flex e-con e-child\" data-id=\"7ff77c34\" data-element_type=\"container\" data-e-type=\"container\">\n\t\t\t\t<div class=\"elementor-element elementor-element-4a3aac6e elementor-position-top elementor-widget elementor-widget-image-box\" data-id=\"4a3aac6e\" data-element_type=\"widget\" data-e-type=\"widget\" data-widget_type=\"image-box.default\">\n\t\t\t\t\t<div class=\"elementor-image-box-wrapper\"><figure class=\"elementor-image-box-img\"><a href=\"https:\/\/carlosgonzalezr.com\/v02\/2026\/03\/07\/bodegones\/\" tabindex=\"-1\"><img loading=\"lazy\" decoding=\"async\" width=\"1700\" height=\"1300\" src=\"https:\/\/carlosgonzalezr.com\/v02\/wp-content\/uploads\/2026\/03\/Bodegones-3_4-1-Carlos-Gonzalez-Archivo.png\" class=\"elementor-animation-grow attachment-full size-full wp-image-412\" alt=\"\" srcset=\"https:\/\/carlosgonzalezr.com\/v02\/wp-content\/uploads\/2026\/03\/Bodegones-3_4-1-Carlos-Gonzalez-Archivo.png 1700w, https:\/\/carlosgonzalezr.com\/v02\/wp-content\/uploads\/2026\/03\/Bodegones-3_4-1-Carlos-Gonzalez-Archivo-300x229.png 300w, https:\/\/carlosgonzalezr.com\/v02\/wp-content\/uploads\/2026\/03\/Bodegones-3_4-1-Carlos-Gonzalez-Archivo-1024x783.png 1024w, https:\/\/carlosgonzalezr.com\/v02\/wp-content\/uploads\/2026\/03\/Bodegones-3_4-1-Carlos-Gonzalez-Archivo-768x587.png 768w, https:\/\/carlosgonzalezr.com\/v02\/wp-content\/uploads\/2026\/03\/Bodegones-3_4-1-Carlos-Gonzalez-Archivo-1536x1175.png 1536w\" sizes=\"(max-width: 1700px) 100vw, 1700px\" \/><\/a><\/figure><div class=\"elementor-image-box-content\"><h4 class=\"elementor-image-box-title\"><a href=\"https:\/\/carlosgonzalezr.com\/v02\/2026\/03\/07\/bodegones\/\">Bodegones<\/a><\/h4><p class=\"elementor-image-box-description\">La forma del espacio, geometr\u00eda y tradici\u00f3n<\/p><\/div><\/div>\t\t\t\t<\/div>\n\t\t\t\t<\/div>\n\t\t\t\t<\/div>\n\t\t\t\t<\/div>\n\t\t<div class=\"elementor-element elementor-element-36c3e95 e-con-full e-flex e-con e-parent\" data-id=\"36c3e95\" data-element_type=\"container\" data-e-type=\"container\" data-settings=\"{&quot;background_background&quot;:&quot;classic&quot;}\">\n\t\t<div class=\"elementor-element elementor-element-7f175784 e-con-full e-flex e-con e-child\" data-id=\"7f175784\" data-element_type=\"container\" data-e-type=\"container\">\n\t\t\t\t<div class=\"elementor-element elementor-element-3c7a1e0b elementor-widget elementor-widget-heading\" data-id=\"3c7a1e0b\" data-element_type=\"widget\" data-e-type=\"widget\" data-widget_type=\"heading.default\">\n\t\t\t\t\t<p class=\"elementor-heading-title elementor-size-default\">2026<\/p>\t\t\t\t<\/div>\n\t\t\t\t<div class=\"elementor-element elementor-element-5981696e elementor-widget elementor-widget-heading\" data-id=\"5981696e\" data-element_type=\"widget\" data-e-type=\"widget\" data-widget_type=\"heading.default\">\n\t\t\t\t\t<h2 class=\"elementor-heading-title elementor-size-default\">Archivo y proyecci\u00f3n<\/h2>\t\t\t\t<\/div>\n\t\t\t\t<div class=\"elementor-element elementor-element-46c7cca elementor-widget elementor-widget-text-editor\" data-id=\"46c7cca\" data-element_type=\"widget\" data-e-type=\"widget\" data-widget_type=\"text-editor.default\">\n\t\t\t\t\t\t\t\t\t<p data-start=\"1717\" data-end=\"1909\">El Archivo establece una base para futuras investigaciones, exposiciones, publicaciones y colaboraciones institucionales, asegurando la permanencia y activaci\u00f3n de su legado art\u00edstico.<\/p>\t\t\t\t\t\t\t\t<\/div>\n\t\t\t\t<div class=\"elementor-element elementor-element-522e9ed elementor-mobile-align-center elementor-invisible elementor-widget elementor-widget-button\" data-id=\"522e9ed\" data-element_type=\"widget\" data-e-type=\"widget\" data-settings=\"{&quot;_animation&quot;:&quot;fadeInDown&quot;}\" data-widget_type=\"button.default\">\n\t\t\t\t\t\t\t\t\t\t<a class=\"elementor-button elementor-button-link elementor-size-sm\" href=\"https:\/\/carlosgonzalezr.com\/v02\/contacto\/\">\n\t\t\t\t\t\t<span class=\"elementor-button-content-wrapper\">\n\t\t\t\t\t\t\t\t\t<span class=\"elementor-button-text\">CONTACTO<\/span>\n\t\t\t\t\t<\/span>\n\t\t\t\t\t<\/a>\n\t\t\t\t\t\t\t\t<\/div>\n\t\t\t\t<\/div>\n\t\t\t\t<div class=\"elementor-element elementor-element-6e9e7652 elementor-widget__width-initial elementor-widget-tablet__width-inherit elementor-widget elementor-widget-image\" data-id=\"6e9e7652\" data-element_type=\"widget\" data-e-type=\"widget\" data-widget_type=\"image.default\">\n\t\t\t\t\t\t\t\t\t\t\t\t\t\t\t<img loading=\"lazy\" decoding=\"async\" width=\"960\" height=\"1280\" src=\"https:\/\/carlosgonzalezr.com\/v02\/wp-content\/uploads\/2026\/02\/WhatsApp-Image-2026-01-26-at-10.40.31-PM.jpeg\" class=\"attachment-2048x2048 size-2048x2048 wp-image-173\" alt=\"\" srcset=\"https:\/\/carlosgonzalezr.com\/v02\/wp-content\/uploads\/2026\/02\/WhatsApp-Image-2026-01-26-at-10.40.31-PM.jpeg 960w, https:\/\/carlosgonzalezr.com\/v02\/wp-content\/uploads\/2026\/02\/WhatsApp-Image-2026-01-26-at-10.40.31-PM-225x300.jpeg 225w, https:\/\/carlosgonzalezr.com\/v02\/wp-content\/uploads\/2026\/02\/WhatsApp-Image-2026-01-26-at-10.40.31-PM-768x1024.jpeg 768w\" sizes=\"(max-width: 960px) 100vw, 960px\" \/>\t\t\t\t\t\t\t\t\t\t\t\t\t\t\t<\/div>\n\t\t\t\t<\/div>\n\t\t\t\t<\/div>\n\t\t","protected":false},"excerpt":{"rendered":"<p>Espacio, forma y lenguaje visual Una aproximaci\u00f3n a la obra de Carlos Gonz\u00e1lez Ram\u00edrez EXPLORAR OBRA SOBRE EL ARCHIVO El proyecto El Archivo Carlos Gonz\u00e1lez Ram\u00edrez es una plataforma dedicada a preservar, organizar y proyectar la obra del artista, integrando pintura, dise\u00f1o gr\u00e1fico, escultura y producci\u00f3n editorial. Este espacio re\u00fane su trabajo bajo un criterio [&hellip;]<\/p>\n","protected":false},"author":1,"featured_media":0,"parent":0,"menu_order":0,"comment_status":"closed","ping_status":"closed","template":"","meta":{"footnotes":""},"class_list":["post-106","page","type-page","status-publish","hentry"],"_links":{"self":[{"href":"https:\/\/carlosgonzalezr.com\/v02\/wp-json\/wp\/v2\/pages\/106","targetHints":{"allow":["GET"]}}],"collection":[{"href":"https:\/\/carlosgonzalezr.com\/v02\/wp-json\/wp\/v2\/pages"}],"about":[{"href":"https:\/\/carlosgonzalezr.com\/v02\/wp-json\/wp\/v2\/types\/page"}],"author":[{"embeddable":true,"href":"https:\/\/carlosgonzalezr.com\/v02\/wp-json\/wp\/v2\/users\/1"}],"replies":[{"embeddable":true,"href":"https:\/\/carlosgonzalezr.com\/v02\/wp-json\/wp\/v2\/comments?post=106"}],"version-history":[{"count":79,"href":"https:\/\/carlosgonzalezr.com\/v02\/wp-json\/wp\/v2\/pages\/106\/revisions"}],"predecessor-version":[{"id":575,"href":"https:\/\/carlosgonzalezr.com\/v02\/wp-json\/wp\/v2\/pages\/106\/revisions\/575"}],"wp:attachment":[{"href":"https:\/\/carlosgonzalezr.com\/v02\/wp-json\/wp\/v2\/media?parent=106"}],"curies":[{"name":"wp","href":"https:\/\/api.w.org\/{rel}","templated":true}]}}