{"id":104,"date":"2026-02-12T22:35:28","date_gmt":"2026-02-13T03:35:28","guid":{"rendered":"https:\/\/carlosgonzalezr.com\/v02\/?page_id=104"},"modified":"2026-02-18T23:52:56","modified_gmt":"2026-02-19T04:52:56","slug":"inicio","status":"publish","type":"page","link":"https:\/\/carlosgonzalezr.com\/v02\/inicio\/","title":{"rendered":"Sobre el archivo"},"content":{"rendered":"\t\t<div data-elementor-type=\"wp-page\" data-elementor-id=\"104\" class=\"elementor elementor-104\">\n\t\t\t\t<div class=\"elementor-element elementor-element-6fbd0ba2 e-con-full e-flex e-con e-parent\" data-id=\"6fbd0ba2\" data-element_type=\"container\" data-e-type=\"container\" data-settings=\"{&quot;background_background&quot;:&quot;classic&quot;}\">\n\t\t<div class=\"elementor-element elementor-element-6eb337d9 e-con-full e-flex e-con e-child\" data-id=\"6eb337d9\" data-element_type=\"container\" data-e-type=\"container\">\n\t\t\t\t<div class=\"elementor-element elementor-element-3d798800 elementor-widget elementor-widget-heading\" data-id=\"3d798800\" data-element_type=\"widget\" data-e-type=\"widget\" data-widget_type=\"heading.default\">\n\t\t\t\t\t<h1 class=\"elementor-heading-title elementor-size-default\">El Archivo<\/h1>\t\t\t\t<\/div>\n\t\t\t\t<div class=\"elementor-element elementor-element-2d508986 elementor-widget elementor-widget-text-editor\" data-id=\"2d508986\" data-element_type=\"widget\" data-e-type=\"widget\" data-widget_type=\"text-editor.default\">\n\t\t\t\t\t\t\t\t\t<p data-start=\"1963\" data-end=\"2126\">El <strong>Archivo Carlos Gonz\u00e1lez Ram\u00edrez<\/strong> nace con el prop\u00f3sito de organizar y preservar su producci\u00f3n art\u00edstica mediante un sistema de catalogaci\u00f3n estructurado.<\/p><p data-start=\"2128\" data-end=\"2308\">Desde noviembre de 2025 se viene desarrollando un proceso de registro y clasificaci\u00f3n de fichas t\u00e9cnicas que permitir\u00e1 consolidar un repositorio oficial.<\/p>\t\t\t\t\t\t\t\t<\/div>\n\t\t\t\t<\/div>\n\t\t<div class=\"elementor-element elementor-element-30693356 e-con-full e-flex e-con e-child\" data-id=\"30693356\" data-element_type=\"container\" data-e-type=\"container\">\n\t\t\t\t<div class=\"elementor-element elementor-element-5a8e72fd elementor-widget elementor-widget-image\" data-id=\"5a8e72fd\" data-element_type=\"widget\" data-e-type=\"widget\" data-widget_type=\"image.default\">\n\t\t\t\t\t\t\t\t\t\t\t\t\t\t\t<img fetchpriority=\"high\" decoding=\"async\" width=\"800\" height=\"800\" src=\"https:\/\/carlosgonzalezr.com\/v02\/wp-content\/uploads\/2026\/02\/Diseno-sin-titulo-8-1024x1024.png\" class=\"attachment-large size-large wp-image-293\" alt=\"\" srcset=\"https:\/\/carlosgonzalezr.com\/v02\/wp-content\/uploads\/2026\/02\/Diseno-sin-titulo-8-1024x1024.png 1024w, https:\/\/carlosgonzalezr.com\/v02\/wp-content\/uploads\/2026\/02\/Diseno-sin-titulo-8-300x300.png 300w, https:\/\/carlosgonzalezr.com\/v02\/wp-content\/uploads\/2026\/02\/Diseno-sin-titulo-8-150x150.png 150w, https:\/\/carlosgonzalezr.com\/v02\/wp-content\/uploads\/2026\/02\/Diseno-sin-titulo-8-768x768.png 768w, https:\/\/carlosgonzalezr.com\/v02\/wp-content\/uploads\/2026\/02\/Diseno-sin-titulo-8.png 1080w\" sizes=\"(max-width: 800px) 100vw, 800px\" \/>\t\t\t\t\t\t\t\t\t\t\t\t\t\t\t<\/div>\n\t\t\t\t<\/div>\n\t\t\t\t<\/div>\n\t\t<div class=\"elementor-element elementor-element-6acfec95 e-flex e-con-boxed e-con e-parent\" data-id=\"6acfec95\" data-element_type=\"container\" data-e-type=\"container\">\n\t\t\t\t\t<div class=\"e-con-inner\">\n\t\t<div class=\"elementor-element elementor-element-74c7d3cb e-con-full e-flex e-con e-child\" data-id=\"74c7d3cb\" data-element_type=\"container\" data-e-type=\"container\">\n\t\t<div class=\"elementor-element elementor-element-b465d47 e-con-full e-flex e-con e-child\" data-id=\"b465d47\" data-element_type=\"container\" data-e-type=\"container\">\n\t\t\t\t<div class=\"elementor-element elementor-element-21021615 elementor-widget elementor-widget-image\" data-id=\"21021615\" data-element_type=\"widget\" data-e-type=\"widget\" data-widget_type=\"image.default\">\n\t\t\t\t\t\t\t\t\t\t\t\t\t\t\t<img decoding=\"async\" width=\"800\" height=\"451\" src=\"https:\/\/carlosgonzalezr.com\/v02\/wp-content\/uploads\/2026\/02\/LOGO-ANDAMIAJE.png\" class=\"attachment-large size-large wp-image-296\" alt=\"\" srcset=\"https:\/\/carlosgonzalezr.com\/v02\/wp-content\/uploads\/2026\/02\/LOGO-ANDAMIAJE.png 1025w, https:\/\/carlosgonzalezr.com\/v02\/wp-content\/uploads\/2026\/02\/LOGO-ANDAMIAJE-300x169.png 300w, https:\/\/carlosgonzalezr.com\/v02\/wp-content\/uploads\/2026\/02\/LOGO-ANDAMIAJE-768x433.png 768w\" sizes=\"(max-width: 800px) 100vw, 800px\" \/>\t\t\t\t\t\t\t\t\t\t\t\t\t\t\t<\/div>\n\t\t\t\t<div class=\"elementor-element elementor-element-25388a14 elementor-widget elementor-widget-image\" data-id=\"25388a14\" data-element_type=\"widget\" data-e-type=\"widget\" data-widget_type=\"image.default\">\n\t\t\t\t\t\t\t\t\t\t\t\t\t\t\t<img decoding=\"async\" width=\"800\" height=\"800\" src=\"https:\/\/carlosgonzalezr.com\/v02\/wp-content\/uploads\/2026\/02\/Diseno-sin-titulo-7-1-1024x1024.png\" class=\"attachment-large size-large wp-image-292\" alt=\"\" srcset=\"https:\/\/carlosgonzalezr.com\/v02\/wp-content\/uploads\/2026\/02\/Diseno-sin-titulo-7-1-1024x1024.png 1024w, https:\/\/carlosgonzalezr.com\/v02\/wp-content\/uploads\/2026\/02\/Diseno-sin-titulo-7-1-300x300.png 300w, https:\/\/carlosgonzalezr.com\/v02\/wp-content\/uploads\/2026\/02\/Diseno-sin-titulo-7-1-150x150.png 150w, https:\/\/carlosgonzalezr.com\/v02\/wp-content\/uploads\/2026\/02\/Diseno-sin-titulo-7-1-768x768.png 768w, https:\/\/carlosgonzalezr.com\/v02\/wp-content\/uploads\/2026\/02\/Diseno-sin-titulo-7-1.png 1080w\" sizes=\"(max-width: 800px) 100vw, 800px\" \/>\t\t\t\t\t\t\t\t\t\t\t\t\t\t\t<\/div>\n\t\t\t\t<\/div>\n\t\t<div class=\"elementor-element elementor-element-48e28f9d e-con-full e-flex e-con e-child\" data-id=\"48e28f9d\" data-element_type=\"container\" data-e-type=\"container\">\n\t\t\t\t<div class=\"elementor-element elementor-element-183c18e3 elementor-widget elementor-widget-image\" data-id=\"183c18e3\" data-element_type=\"widget\" data-e-type=\"widget\" data-widget_type=\"image.default\">\n\t\t\t\t\t\t\t\t\t\t\t\t\t\t\t<img loading=\"lazy\" decoding=\"async\" width=\"800\" height=\"800\" src=\"https:\/\/carlosgonzalezr.com\/v02\/wp-content\/uploads\/2026\/02\/Diseno-sin-titulo-9-1024x1024.png\" class=\"attachment-large size-large wp-image-295\" alt=\"\" srcset=\"https:\/\/carlosgonzalezr.com\/v02\/wp-content\/uploads\/2026\/02\/Diseno-sin-titulo-9-1024x1024.png 1024w, https:\/\/carlosgonzalezr.com\/v02\/wp-content\/uploads\/2026\/02\/Diseno-sin-titulo-9-300x300.png 300w, https:\/\/carlosgonzalezr.com\/v02\/wp-content\/uploads\/2026\/02\/Diseno-sin-titulo-9-150x150.png 150w, https:\/\/carlosgonzalezr.com\/v02\/wp-content\/uploads\/2026\/02\/Diseno-sin-titulo-9-768x768.png 768w, https:\/\/carlosgonzalezr.com\/v02\/wp-content\/uploads\/2026\/02\/Diseno-sin-titulo-9.png 1080w\" sizes=\"(max-width: 800px) 100vw, 800px\" \/>\t\t\t\t\t\t\t\t\t\t\t\t\t\t\t<\/div>\n\t\t\t\t<div class=\"elementor-element elementor-element-42d9add0 elementor-widget elementor-widget-image\" data-id=\"42d9add0\" data-element_type=\"widget\" data-e-type=\"widget\" data-widget_type=\"image.default\">\n\t\t\t\t\t\t\t\t\t\t\t\t\t\t\t<img loading=\"lazy\" decoding=\"async\" width=\"800\" height=\"534\" src=\"https:\/\/carlosgonzalezr.com\/v02\/wp-content\/uploads\/2026\/02\/IMG_6789-1024x683.jpg\" class=\"attachment-large size-large wp-image-294\" alt=\"\" srcset=\"https:\/\/carlosgonzalezr.com\/v02\/wp-content\/uploads\/2026\/02\/IMG_6789-1024x683.jpg 1024w, https:\/\/carlosgonzalezr.com\/v02\/wp-content\/uploads\/2026\/02\/IMG_6789-300x200.jpg 300w, https:\/\/carlosgonzalezr.com\/v02\/wp-content\/uploads\/2026\/02\/IMG_6789-768x512.jpg 768w, https:\/\/carlosgonzalezr.com\/v02\/wp-content\/uploads\/2026\/02\/IMG_6789-1536x1024.jpg 1536w, https:\/\/carlosgonzalezr.com\/v02\/wp-content\/uploads\/2026\/02\/IMG_6789-2048x1365.jpg 2048w\" sizes=\"(max-width: 800px) 100vw, 800px\" \/>\t\t\t\t\t\t\t\t\t\t\t\t\t\t\t<\/div>\n\t\t\t\t<\/div>\n\t\t\t\t<\/div>\n\t\t<div class=\"elementor-element elementor-element-3bfcba11 e-con-full e-flex e-con e-child\" data-id=\"3bfcba11\" data-element_type=\"container\" data-e-type=\"container\">\n\t\t\t\t<div class=\"elementor-element elementor-element-4064f04b elementor-widget elementor-widget-heading\" data-id=\"4064f04b\" data-element_type=\"widget\" data-e-type=\"widget\" data-widget_type=\"heading.default\">\n\t\t\t\t\t<h3 class=\"elementor-heading-title elementor-size-default\">Criterio curatorial<\/h3>\t\t\t\t<\/div>\n\t\t\t\t<div class=\"elementor-element elementor-element-df348e0 elementor-widget elementor-widget-text-editor\" data-id=\"df348e0\" data-element_type=\"widget\" data-e-type=\"widget\" data-widget_type=\"text-editor.default\">\n\t\t\t\t\t\t\t\t\t<p data-start=\"2339\" data-end=\"2569\">La investigaci\u00f3n y texto curatorial han sido elaborados por la curadora e investigadora <strong data-start=\"2427\" data-end=\"2460\">Eugenia Mar\u00eda Abad\u00eda Gonz\u00e1lez<\/strong>, quien aborda la obra desde la noci\u00f3n de espacio como construcci\u00f3n geom\u00e9trica y pensamiento visual integral.<\/p><p>\u00a0<\/p><p data-start=\"2571\" data-end=\"2679\">La plataforma articula documentaci\u00f3n, imagen y contexto, ofreciendo una lectura coherente de su trayectoria.<\/p>\t\t\t\t\t\t\t\t<\/div>\n\t\t\t\t<\/div>\n\t\t\t\t\t<\/div>\n\t\t\t\t<\/div>\n\t\t<div class=\"elementor-element elementor-element-56eca80 e-con-full e-flex e-con e-parent\" data-id=\"56eca80\" data-element_type=\"container\" data-e-type=\"container\" data-settings=\"{&quot;background_background&quot;:&quot;classic&quot;}\">\n\t\t<div class=\"elementor-element elementor-element-3c373727 e-con-full e-flex e-con e-child\" data-id=\"3c373727\" data-element_type=\"container\" data-e-type=\"container\">\n\t\t\t\t<div class=\"elementor-element elementor-element-6f43b39a elementor-widget elementor-widget-heading\" data-id=\"6f43b39a\" data-element_type=\"widget\" data-e-type=\"widget\" data-widget_type=\"heading.default\">\n\t\t\t\t\t<h1 class=\"elementor-heading-title elementor-size-default\">Proyecci\u00f3n<\/h1>\t\t\t\t<\/div>\n\t\t\t\t<div class=\"elementor-element elementor-element-3a6f7616 elementor-widget elementor-widget-text-editor\" data-id=\"3a6f7616\" data-element_type=\"widget\" data-e-type=\"widget\" data-widget_type=\"text-editor.default\">\n\t\t\t\t\t\t\t\t\t<p data-start=\"2701\" data-end=\"2761\">El archivo busca convertirse en un punto de referencia para:<\/p><ul data-start=\"2763\" data-end=\"2896\"><li data-start=\"2763\" data-end=\"2794\"><p data-start=\"2765\" data-end=\"2794\">Investigadores y acad\u00e9micos<\/p><\/li><li data-start=\"2795\" data-end=\"2832\"><p data-start=\"2797\" data-end=\"2832\">Museos e instituciones culturales<\/p><\/li><li data-start=\"2833\" data-end=\"2857\"><p data-start=\"2835\" data-end=\"2857\">Curadores y gestores<\/p><\/li><li data-start=\"2858\" data-end=\"2896\"><p data-start=\"2860\" data-end=\"2896\">Editoriales y proyectos culturales<\/p><\/li><\/ul>\t\t\t\t\t\t\t\t<\/div>\n\t\t\t\t<\/div>\n\t\t<div class=\"elementor-element elementor-element-6e0e66e9 e-con-full e-flex e-con e-child\" data-id=\"6e0e66e9\" data-element_type=\"container\" data-e-type=\"container\">\n\t\t\t\t<div class=\"elementor-element elementor-element-55945413 elementor-widget elementor-widget-image\" data-id=\"55945413\" data-element_type=\"widget\" data-e-type=\"widget\" data-widget_type=\"image.default\">\n\t\t\t\t\t\t\t\t\t\t\t\t\t\t\t<img loading=\"lazy\" decoding=\"async\" width=\"800\" height=\"360\" src=\"https:\/\/carlosgonzalezr.com\/v02\/wp-content\/uploads\/2026\/02\/Banner-web-Archivo-4-1024x461.png\" class=\"attachment-large size-large wp-image-176\" alt=\"Archivo Carlos Gonz\u00e1lez Ram\u00edrez Escritorio fotograf\u00eda\" srcset=\"https:\/\/carlosgonzalezr.com\/v02\/wp-content\/uploads\/2026\/02\/Banner-web-Archivo-4-1024x461.png 1024w, https:\/\/carlosgonzalezr.com\/v02\/wp-content\/uploads\/2026\/02\/Banner-web-Archivo-4-300x135.png 300w, https:\/\/carlosgonzalezr.com\/v02\/wp-content\/uploads\/2026\/02\/Banner-web-Archivo-4-768x346.png 768w, https:\/\/carlosgonzalezr.com\/v02\/wp-content\/uploads\/2026\/02\/Banner-web-Archivo-4-1536x691.png 1536w, https:\/\/carlosgonzalezr.com\/v02\/wp-content\/uploads\/2026\/02\/Banner-web-Archivo-4-e1770963175361.png 700w\" sizes=\"(max-width: 800px) 100vw, 800px\" \/>\t\t\t\t\t\t\t\t\t\t\t\t\t\t\t<\/div>\n\t\t\t\t<\/div>\n\t\t\t\t<\/div>\n\t\t\t\t<\/div>\n\t\t","protected":false},"excerpt":{"rendered":"<p>El Archivo El Archivo Carlos Gonz\u00e1lez Ram\u00edrez nace con el prop\u00f3sito de organizar y preservar su producci\u00f3n art\u00edstica mediante un sistema de catalogaci\u00f3n estructurado. Desde noviembre de 2025 se viene desarrollando un proceso de registro y clasificaci\u00f3n de fichas t\u00e9cnicas que permitir\u00e1 consolidar un repositorio oficial. Criterio curatorial La investigaci\u00f3n y texto curatorial han sido [&hellip;]<\/p>\n","protected":false},"author":1,"featured_media":0,"parent":0,"menu_order":0,"comment_status":"closed","ping_status":"closed","template":"","meta":{"footnotes":""},"class_list":["post-104","page","type-page","status-publish","hentry"],"_links":{"self":[{"href":"https:\/\/carlosgonzalezr.com\/v02\/wp-json\/wp\/v2\/pages\/104","targetHints":{"allow":["GET"]}}],"collection":[{"href":"https:\/\/carlosgonzalezr.com\/v02\/wp-json\/wp\/v2\/pages"}],"about":[{"href":"https:\/\/carlosgonzalezr.com\/v02\/wp-json\/wp\/v2\/types\/page"}],"author":[{"embeddable":true,"href":"https:\/\/carlosgonzalezr.com\/v02\/wp-json\/wp\/v2\/users\/1"}],"replies":[{"embeddable":true,"href":"https:\/\/carlosgonzalezr.com\/v02\/wp-json\/wp\/v2\/comments?post=104"}],"version-history":[{"count":5,"href":"https:\/\/carlosgonzalezr.com\/v02\/wp-json\/wp\/v2\/pages\/104\/revisions"}],"predecessor-version":[{"id":299,"href":"https:\/\/carlosgonzalezr.com\/v02\/wp-json\/wp\/v2\/pages\/104\/revisions\/299"}],"wp:attachment":[{"href":"https:\/\/carlosgonzalezr.com\/v02\/wp-json\/wp\/v2\/media?parent=104"}],"curies":[{"name":"wp","href":"https:\/\/api.w.org\/{rel}","templated":true}]}}